{"id":11,"date":"2021-09-21T08:01:29","date_gmt":"2021-09-21T08:01:29","guid":{"rendered":"http:\/\/neu.autismus-mg.de\/?page_id=11"},"modified":"2026-03-04T10:07:52","modified_gmt":"2026-03-04T10:07:52","slug":"ueber-uns","status":"publish","type":"page","link":"https:\/\/www.autismus-mg.de\/?page_id=11","title":{"rendered":"\u00dcber uns"},"content":{"rendered":"\n<p><\/p>\n\n\n\n<h1 class=\"wp-block-heading\">\u00dcber uns<\/h1>\n\n\n\n<div class=\"wp-block-group\"><div class=\"wp-block-group__inner-container is-layout-flow wp-block-group-is-layout-flow\">\n<p>Der gemeinn\u00fctzige Verein Daheim Lebensgemeinschaft f\u00fcr Menschen mit Autismus wurde 1994 als gemeinn\u00fctziger Elternverein gegr\u00fcndet. Ziel war es ein Zuhause zu schaffen, welches auf die speziellen Bed\u00fcrfnisse von Menschen mit Autismus zugeschnitten ist. Am 01.04.1996 wurde die Wohneinrichtung \u201eDaheim&#8220; er\u00f6ffnet und bietet heute den hier leben\u00adden Menschen Wohn- und Arbeitsm\u00f6g\u00adlichkeiten sowie den notwendigen Raum f\u00fcr die Freizeitgestaltung.<\/p>\n\n\n<div class=\"wp-block-image\">\n<figure class=\"aligncenter size-large is-resized\"><img loading=\"lazy\" decoding=\"async\" width=\"1024\" height=\"769\" src=\"https:\/\/www.autismus-mg.de\/wp-content\/uploads\/2026\/03\/20250327_103808-scaled-e1772616148264-1024x769.jpg\" alt=\"\" class=\"wp-image-467\" style=\"width:768px\" srcset=\"https:\/\/www.autismus-mg.de\/wp-content\/uploads\/2026\/03\/20250327_103808-scaled-e1772616148264-1024x769.jpg 1024w, https:\/\/www.autismus-mg.de\/wp-content\/uploads\/2026\/03\/20250327_103808-scaled-e1772616148264-300x225.jpg 300w, https:\/\/www.autismus-mg.de\/wp-content\/uploads\/2026\/03\/20250327_103808-scaled-e1772616148264-768x577.jpg 768w, https:\/\/www.autismus-mg.de\/wp-content\/uploads\/2026\/03\/20250327_103808-scaled-e1772616148264-1536x1154.jpg 1536w, https:\/\/www.autismus-mg.de\/wp-content\/uploads\/2026\/03\/20250327_103808-scaled-e1772616148264.jpg 1920w\" sizes=\"auto, (max-width: 1024px) 100vw, 1024px\" \/><\/figure>\n<\/div>\n\n\n<p><\/p>\n\n\n\n<p>Mit Hilfe einer kontinuierlichen Betreu\u00adung und Versorgung sowie tagesstruk\u00adturierender Ma\u00dfnahmen durch unsere hausinternen Arbeits- und Besch\u00e4ftigungs\u00adangebote haben wir gemeinsam ein Umfeld geschaffen, das den Menschen Sicherheit und Wohlbefinden gibt und das &#8211; wenn gew\u00fcnscht &#8211; auf Lebenszeit. <br><\/p>\n\n\n<div class=\"wp-block-image\">\n<figure class=\"aligncenter size-large is-resized\"><img loading=\"lazy\" decoding=\"async\" width=\"1024\" height=\"768\" src=\"https:\/\/www.autismus-mg.de\/wp-content\/uploads\/2021\/11\/Heike-W.-1024x768.jpg\" alt=\"\" class=\"wp-image-338\" style=\"width:768px\" srcset=\"https:\/\/www.autismus-mg.de\/wp-content\/uploads\/2021\/11\/Heike-W.-1024x768.jpg 1024w, https:\/\/www.autismus-mg.de\/wp-content\/uploads\/2021\/11\/Heike-W.-300x225.jpg 300w, https:\/\/www.autismus-mg.de\/wp-content\/uploads\/2021\/11\/Heike-W.-768x576.jpg 768w, https:\/\/www.autismus-mg.de\/wp-content\/uploads\/2021\/11\/Heike-W.-1536x1152.jpg 1536w, https:\/\/www.autismus-mg.de\/wp-content\/uploads\/2021\/11\/Heike-W.-2048x1536.jpg 2048w\" sizes=\"auto, (max-width: 1024px) 100vw, 1024px\" \/><\/figure>\n<\/div>\n\n\n<p><br>Als besondere Wohnform unterliegen wir dem Wohn- und Teilhabegesetz. Selbstverst\u00e4ndlich erf\u00fcl\u00adlen wir alle damit verbundenen Auflagen und Vorschriften. Dennoch sehen wir uns als das, was wir letztlich auch sind: Eine Lebensgemeinschaft. Teilhabe und Inklu\u00adsion sind Bestandteil einer jeden Lebens\u00adgemeinschaft.<\/p>\n<\/div><\/div>\n","protected":false},"excerpt":{"rendered":"<p>\u00dcber uns Der gemeinn\u00fctzige Verein Daheim Lebensgemeinschaft f\u00fcr Menschen mit Autismus wurde 1994 als gemeinn\u00fctziger Elternverein gegr\u00fcndet. Ziel war es ein Zuhause zu schaffen, welches auf die speziellen Bed\u00fcrfnisse von Menschen mit Autismus zugeschnitten ist. Am 01.04.1996 wurde die Wohneinrichtung \u201eDaheim&#8220; er\u00f6ffnet und bietet heute den hier leben\u00adden Menschen Wohn- und Arbeitsm\u00f6g\u00adlichkeiten sowie den notwendigen &hellip;<\/p>\n","protected":false},"author":1,"featured_media":0,"parent":0,"menu_order":0,"comment_status":"closed","ping_status":"closed","template":"","meta":{"footnotes":""},"class_list":["post-11","page","type-page","status-publish","hentry"],"_links":{"self":[{"href":"https:\/\/www.autismus-mg.de\/index.php?rest_route=\/wp\/v2\/pages\/11","targetHints":{"allow":["GET"]}}],"collection":[{"href":"https:\/\/www.autismus-mg.de\/index.php?rest_route=\/wp\/v2\/pages"}],"about":[{"href":"https:\/\/www.autismus-mg.de\/index.php?rest_route=\/wp\/v2\/types\/page"}],"author":[{"embeddable":true,"href":"https:\/\/www.autismus-mg.de\/index.php?rest_route=\/wp\/v2\/users\/1"}],"replies":[{"embeddable":true,"href":"https:\/\/www.autismus-mg.de\/index.php?rest_route=%2Fwp%2Fv2%2Fcomments&post=11"}],"version-history":[{"count":4,"href":"https:\/\/www.autismus-mg.de\/index.php?rest_route=\/wp\/v2\/pages\/11\/revisions"}],"predecessor-version":[{"id":503,"href":"https:\/\/www.autismus-mg.de\/index.php?rest_route=\/wp\/v2\/pages\/11\/revisions\/503"}],"wp:attachment":[{"href":"https:\/\/www.autismus-mg.de\/index.php?rest_route=%2Fwp%2Fv2%2Fmedia&parent=11"}],"curies":[{"name":"wp","href":"https:\/\/api.w.org\/{rel}","templated":true}]}}