{"id":14,"date":"2021-09-21T08:04:07","date_gmt":"2021-09-21T08:04:07","guid":{"rendered":"http:\/\/neu.autismus-mg.de\/?page_id=14"},"modified":"2026-03-04T09:25:08","modified_gmt":"2026-03-04T09:25:08","slug":"die-einrichtung","status":"publish","type":"page","link":"https:\/\/www.autismus-mg.de\/?page_id=14","title":{"rendered":"Die Einrichtung"},"content":{"rendered":"\n<p><\/p>\n\n\n\n<h1 class=\"wp-block-heading\">Die Einrichtung<\/h1>\n\n\n\n<p>Die Einrichtung befindet sich in land\u00adschaftlich reizvoller Lage, direkt im Hardter Wald, dem Naherholungsgebiet der Stadt M\u00f6nchengladbach. Das 6500 m<sup>2<\/sup>\u00a0gro\u00dfe Gel\u00e4nde beherbergt auf einem park\u00e4hn\u00adlichen Grundst\u00fcck das Wohnhaus, sowie einige Nebengeb\u00e4ude. Das Haupthaus dient haupts\u00e4chlich als Wohn- und Freizeitbereich. In den Nebengeb\u00e4uden erledigen unsere Bewohnenden mit unserer Unterst\u00fctzung hauswirtschaftliche T\u00e4tigkeiten, wie W\u00e4sche waschen und k\u00f6nnen in einer Werkstatt kreativ sein und werken.<\/p>\n\n\n<div class=\"wp-block-image\">\n<figure class=\"aligncenter size-large is-resized\"><img loading=\"lazy\" decoding=\"async\" width=\"1024\" height=\"919\" src=\"https:\/\/www.autismus-mg.de\/wp-content\/uploads\/2026\/03\/20250829_120638-scaled-e1772616286860-1024x919.jpg\" alt=\"\" class=\"wp-image-470\" style=\"width:768px\" srcset=\"https:\/\/www.autismus-mg.de\/wp-content\/uploads\/2026\/03\/20250829_120638-scaled-e1772616286860-1024x919.jpg 1024w, https:\/\/www.autismus-mg.de\/wp-content\/uploads\/2026\/03\/20250829_120638-scaled-e1772616286860-300x269.jpg 300w, https:\/\/www.autismus-mg.de\/wp-content\/uploads\/2026\/03\/20250829_120638-scaled-e1772616286860-768x690.jpg 768w, https:\/\/www.autismus-mg.de\/wp-content\/uploads\/2026\/03\/20250829_120638-scaled-e1772616286860-1536x1379.jpg 1536w, https:\/\/www.autismus-mg.de\/wp-content\/uploads\/2026\/03\/20250829_120638-scaled-e1772616286860.jpg 1920w\" sizes=\"auto, (max-width: 1024px) 100vw, 1024px\" \/><\/figure>\n<\/div>\n\n\n<p><\/p>\n\n\n\n<p>Die Ausstattung der Zimmer ist in hohem Ma\u00dfe unterschiedlich und individuell auf die Bed\u00fcrfnisse des einzelnen Menschen abgestimmt. Die Bandbreite liegt hier zwi\u00adschen gem\u00fctlichen, warmen in Holzoptik ausgestatteten Zimmern und schlicht ausgestatteten Zimmern, die dem f\u00fcr manche Menschen mit Autismus wich\u00adtigen Bed\u00fcrfnis nach Reizarmut entspre\u00adchen und somit eine optimale R\u00fcckzug\u00adm\u00f6glichkeit bieten. Generell k\u00f6nnen alle Zimmer mit dem heute \u00fcblichen Wohn\u00adstandard ausgestattet werden.<\/p>\n","protected":false},"excerpt":{"rendered":"<p>Die Einrichtung Die Einrichtung befindet sich in land\u00adschaftlich reizvoller Lage, direkt im Hardter Wald, dem Naherholungsgebiet der Stadt M\u00f6nchengladbach. Das 6500 m2\u00a0gro\u00dfe Gel\u00e4nde beherbergt auf einem park\u00e4hn\u00adlichen Grundst\u00fcck das Wohnhaus, sowie einige Nebengeb\u00e4ude. Das Haupthaus dient haupts\u00e4chlich als Wohn- und Freizeitbereich. In den Nebengeb\u00e4uden erledigen unsere Bewohnenden mit unserer Unterst\u00fctzung hauswirtschaftliche T\u00e4tigkeiten, wie W\u00e4sche waschen &hellip;<\/p>\n","protected":false},"author":1,"featured_media":0,"parent":0,"menu_order":0,"comment_status":"closed","ping_status":"closed","template":"","meta":{"footnotes":""},"class_list":["post-14","page","type-page","status-publish","hentry"],"_links":{"self":[{"href":"https:\/\/www.autismus-mg.de\/index.php?rest_route=\/wp\/v2\/pages\/14","targetHints":{"allow":["GET"]}}],"collection":[{"href":"https:\/\/www.autismus-mg.de\/index.php?rest_route=\/wp\/v2\/pages"}],"about":[{"href":"https:\/\/www.autismus-mg.de\/index.php?rest_route=\/wp\/v2\/types\/page"}],"author":[{"embeddable":true,"href":"https:\/\/www.autismus-mg.de\/index.php?rest_route=\/wp\/v2\/users\/1"}],"replies":[{"embeddable":true,"href":"https:\/\/www.autismus-mg.de\/index.php?rest_route=%2Fwp%2Fv2%2Fcomments&post=14"}],"version-history":[{"count":1,"href":"https:\/\/www.autismus-mg.de\/index.php?rest_route=\/wp\/v2\/pages\/14\/revisions"}],"predecessor-version":[{"id":472,"href":"https:\/\/www.autismus-mg.de\/index.php?rest_route=\/wp\/v2\/pages\/14\/revisions\/472"}],"wp:attachment":[{"href":"https:\/\/www.autismus-mg.de\/index.php?rest_route=%2Fwp%2Fv2%2Fmedia&parent=14"}],"curies":[{"name":"wp","href":"https:\/\/api.w.org\/{rel}","templated":true}]}}