{"id":17,"date":"2021-09-21T08:04:40","date_gmt":"2021-09-21T08:04:40","guid":{"rendered":"http:\/\/neu.autismus-mg.de\/?page_id=17"},"modified":"2026-03-04T10:08:51","modified_gmt":"2026-03-04T10:08:51","slug":"unsere-arbeit","status":"publish","type":"page","link":"https:\/\/www.autismus-mg.de\/?page_id=17","title":{"rendered":"Unsere Arbeit"},"content":{"rendered":"\n<p><\/p>\n\n\n\n<h1 class=\"wp-block-heading\">Unsere Arbeit<\/h1>\n\n\n\n<p>Mittelpunkt unseres Handelns ist der Mensch in seiner Ganzheitlichkeit. Der Mensch mit Autismus ist kein besonderer, sondern ein ganz normaler Mensch, der mit seinen speziellen Bed\u00fcrfnissen lebt. Das Ziel besteht in der Erreichung von Unab\u00adh\u00e4ngigkeit und Wohlbefinden. Unsere Be\u00adtreuung und F\u00f6rderung setzt daher nur da ein, wo auch ein entsprechender Betreu\u00adungs-, F\u00f6rder- bzw. Pflegebedarf besteht.<\/p>\n\n\n<div class=\"wp-block-image\">\n<figure class=\"aligncenter size-large is-resized\"><img loading=\"lazy\" decoding=\"async\" width=\"1024\" height=\"768\" src=\"https:\/\/www.autismus-mg.de\/wp-content\/uploads\/2026\/03\/IMG_14-1024x768.jpg\" alt=\"\" class=\"wp-image-473\" style=\"width:768px\" srcset=\"https:\/\/www.autismus-mg.de\/wp-content\/uploads\/2026\/03\/IMG_14-1024x768.jpg 1024w, https:\/\/www.autismus-mg.de\/wp-content\/uploads\/2026\/03\/IMG_14-300x225.jpg 300w, https:\/\/www.autismus-mg.de\/wp-content\/uploads\/2026\/03\/IMG_14-768x576.jpg 768w, https:\/\/www.autismus-mg.de\/wp-content\/uploads\/2026\/03\/IMG_14-1536x1152.jpg 1536w, https:\/\/www.autismus-mg.de\/wp-content\/uploads\/2026\/03\/IMG_14.jpg 2000w\" sizes=\"auto, (max-width: 1024px) 100vw, 1024px\" \/><\/figure>\n<\/div>\n\n\n<p><\/p>\n\n\n\n<p>Wir betrachten die Betreuungs- und F\u00f6rderarbeit als Prozess. Damit Zufallsent\u00adscheidungen oder das blo\u00dfe Reagieren auf akute Probleme ausgeschlossen werden, wird die F\u00f6rderung bei uns syste\u00admatisch geplant und orientiert sich dabei an den individuellen Bed\u00fcrfnissen des Menschen. Hierf\u00fcr haben wir ein internes Qualit\u00e4tsmanagementsystem auf Basis der DIN EN ISO 9001 entwickelt und umgesetzt.<\/p>\n\n\n<div class=\"wp-block-image is-resized\">\n<figure class=\"aligncenter size-large\"><img loading=\"lazy\" decoding=\"async\" width=\"1024\" height=\"768\" src=\"https:\/\/www.autismus-mg.de\/wp-content\/uploads\/2026\/03\/IMG_15-1024x768.jpg\" alt=\"\" class=\"wp-image-475\" style=\"width:768px\" srcset=\"https:\/\/www.autismus-mg.de\/wp-content\/uploads\/2026\/03\/IMG_15-1024x768.jpg 1024w, https:\/\/www.autismus-mg.de\/wp-content\/uploads\/2026\/03\/IMG_15-300x225.jpg 300w, https:\/\/www.autismus-mg.de\/wp-content\/uploads\/2026\/03\/IMG_15-768x576.jpg 768w, https:\/\/www.autismus-mg.de\/wp-content\/uploads\/2026\/03\/IMG_15-1536x1152.jpg 1536w, https:\/\/www.autismus-mg.de\/wp-content\/uploads\/2026\/03\/IMG_15.jpg 1600w\" sizes=\"auto, (max-width: 1024px) 100vw, 1024px\" \/><\/figure>\n<\/div>\n\n\n<p>Ab und zu stellen wir in unserer Werkstatt auch kleinere Auftragsarbeiten her. Sollten Sie daran Interesse haben, sprechen Sie uns gerne an.<\/p>\n\n\n<div class=\"wp-block-image is-resized\">\n<figure class=\"aligncenter size-large\"><img loading=\"lazy\" decoding=\"async\" width=\"1024\" height=\"768\" src=\"https:\/\/www.autismus-mg.de\/wp-content\/uploads\/2021\/11\/Vogelhaeuser-1024x768.jpg\" alt=\"\" class=\"wp-image-341\" style=\"width:768px\" srcset=\"https:\/\/www.autismus-mg.de\/wp-content\/uploads\/2021\/11\/Vogelhaeuser-1024x768.jpg 1024w, https:\/\/www.autismus-mg.de\/wp-content\/uploads\/2021\/11\/Vogelhaeuser-300x225.jpg 300w, https:\/\/www.autismus-mg.de\/wp-content\/uploads\/2021\/11\/Vogelhaeuser-768x576.jpg 768w, https:\/\/www.autismus-mg.de\/wp-content\/uploads\/2021\/11\/Vogelhaeuser-1536x1152.jpg 1536w, https:\/\/www.autismus-mg.de\/wp-content\/uploads\/2021\/11\/Vogelhaeuser-2048x1536.jpg 2048w\" sizes=\"auto, (max-width: 1024px) 100vw, 1024px\" \/><\/figure>\n<\/div>","protected":false},"excerpt":{"rendered":"<p>Unsere Arbeit Mittelpunkt unseres Handelns ist der Mensch in seiner Ganzheitlichkeit. Der Mensch mit Autismus ist kein besonderer, sondern ein ganz normaler Mensch, der mit seinen speziellen Bed\u00fcrfnissen lebt. Das Ziel besteht in der Erreichung von Unab\u00adh\u00e4ngigkeit und Wohlbefinden. Unsere Be\u00adtreuung und F\u00f6rderung setzt daher nur da ein, wo auch ein entsprechender Betreu\u00adungs-, F\u00f6rder- bzw. &hellip;<\/p>\n","protected":false},"author":1,"featured_media":0,"parent":0,"menu_order":0,"comment_status":"closed","ping_status":"closed","template":"","meta":{"footnotes":""},"class_list":["post-17","page","type-page","status-publish","hentry"],"_links":{"self":[{"href":"https:\/\/www.autismus-mg.de\/index.php?rest_route=\/wp\/v2\/pages\/17","targetHints":{"allow":["GET"]}}],"collection":[{"href":"https:\/\/www.autismus-mg.de\/index.php?rest_route=\/wp\/v2\/pages"}],"about":[{"href":"https:\/\/www.autismus-mg.de\/index.php?rest_route=\/wp\/v2\/types\/page"}],"author":[{"embeddable":true,"href":"https:\/\/www.autismus-mg.de\/index.php?rest_route=\/wp\/v2\/users\/1"}],"replies":[{"embeddable":true,"href":"https:\/\/www.autismus-mg.de\/index.php?rest_route=%2Fwp%2Fv2%2Fcomments&post=17"}],"version-history":[{"count":19,"href":"https:\/\/www.autismus-mg.de\/index.php?rest_route=\/wp\/v2\/pages\/17\/revisions"}],"predecessor-version":[{"id":504,"href":"https:\/\/www.autismus-mg.de\/index.php?rest_route=\/wp\/v2\/pages\/17\/revisions\/504"}],"wp:attachment":[{"href":"https:\/\/www.autismus-mg.de\/index.php?rest_route=%2Fwp%2Fv2%2Fmedia&parent=17"}],"curies":[{"name":"wp","href":"https:\/\/api.w.org\/{rel}","templated":true}]}}