{"id":23,"date":"2021-09-21T08:05:34","date_gmt":"2021-09-21T08:05:34","guid":{"rendered":"http:\/\/neu.autismus-mg.de\/?page_id=23"},"modified":"2026-04-08T09:38:25","modified_gmt":"2026-04-08T09:38:25","slug":"aktuelles","status":"publish","type":"page","link":"https:\/\/www.autismus-mg.de\/?page_id=23","title":{"rendered":"Aktuelles"},"content":{"rendered":"\n<p><\/p>\n\n\n\n<h1 class=\"wp-block-heading\">Aktuelles<\/h1>\n\n\n\n<p class=\"has-text-align-center\">Bunt, fr\u00f6hlich und verkleidet \u2013 so haben wir Karneval gefeiert.<\/p>\n\n\n\n<figure class=\"wp-block-gallery aligncenter has-nested-images columns-default is-cropped wp-block-gallery-1 is-layout-flex wp-block-gallery-is-layout-flex\">\n<figure class=\"wp-block-image size-large\"><img loading=\"lazy\" decoding=\"async\" width=\"768\" height=\"1024\" data-id=\"458\" src=\"https:\/\/www.autismus-mg.de\/wp-content\/uploads\/2026\/03\/IMG_2-768x1024.jpg\" alt=\"\" class=\"wp-image-458\" srcset=\"https:\/\/www.autismus-mg.de\/wp-content\/uploads\/2026\/03\/IMG_2-768x1024.jpg 768w, https:\/\/www.autismus-mg.de\/wp-content\/uploads\/2026\/03\/IMG_2-225x300.jpg 225w, https:\/\/www.autismus-mg.de\/wp-content\/uploads\/2026\/03\/IMG_2-1152x1536.jpg 1152w, https:\/\/www.autismus-mg.de\/wp-content\/uploads\/2026\/03\/IMG_2-1536x2048.jpg 1536w, https:\/\/www.autismus-mg.de\/wp-content\/uploads\/2026\/03\/IMG_2-scaled.jpg 1920w\" sizes=\"auto, (max-width: 768px) 100vw, 768px\" \/><\/figure>\n\n\n\n<figure class=\"wp-block-image size-large\"><img loading=\"lazy\" decoding=\"async\" width=\"768\" height=\"1024\" data-id=\"464\" src=\"https:\/\/www.autismus-mg.de\/wp-content\/uploads\/2026\/03\/IMG_3-1-768x1024.jpg\" alt=\"\" class=\"wp-image-464\" srcset=\"https:\/\/www.autismus-mg.de\/wp-content\/uploads\/2026\/03\/IMG_3-1-768x1024.jpg 768w, https:\/\/www.autismus-mg.de\/wp-content\/uploads\/2026\/03\/IMG_3-1-225x300.jpg 225w, https:\/\/www.autismus-mg.de\/wp-content\/uploads\/2026\/03\/IMG_3-1-1152x1536.jpg 1152w, https:\/\/www.autismus-mg.de\/wp-content\/uploads\/2026\/03\/IMG_3-1-1536x2048.jpg 1536w, https:\/\/www.autismus-mg.de\/wp-content\/uploads\/2026\/03\/IMG_3-1-scaled.jpg 1920w\" sizes=\"auto, (max-width: 768px) 100vw, 768px\" \/><\/figure>\n\n\n\n<figure class=\"wp-block-image size-large\"><img loading=\"lazy\" decoding=\"async\" width=\"768\" height=\"1024\" data-id=\"459\" src=\"https:\/\/www.autismus-mg.de\/wp-content\/uploads\/2026\/03\/IMG_6-768x1024.jpg\" alt=\"\" class=\"wp-image-459\" srcset=\"https:\/\/www.autismus-mg.de\/wp-content\/uploads\/2026\/03\/IMG_6-768x1024.jpg 768w, https:\/\/www.autismus-mg.de\/wp-content\/uploads\/2026\/03\/IMG_6-225x300.jpg 225w, https:\/\/www.autismus-mg.de\/wp-content\/uploads\/2026\/03\/IMG_6-1152x1536.jpg 1152w, https:\/\/www.autismus-mg.de\/wp-content\/uploads\/2026\/03\/IMG_6-1536x2048.jpg 1536w, https:\/\/www.autismus-mg.de\/wp-content\/uploads\/2026\/03\/IMG_6-scaled.jpg 1920w\" sizes=\"auto, (max-width: 768px) 100vw, 768px\" \/><\/figure>\n\n\n\n<figure class=\"wp-block-image size-large\"><img loading=\"lazy\" decoding=\"async\" width=\"768\" height=\"1024\" data-id=\"465\" src=\"https:\/\/www.autismus-mg.de\/wp-content\/uploads\/2026\/03\/IMG_7-1-768x1024.jpg\" alt=\"\" class=\"wp-image-465\" srcset=\"https:\/\/www.autismus-mg.de\/wp-content\/uploads\/2026\/03\/IMG_7-1-768x1024.jpg 768w, https:\/\/www.autismus-mg.de\/wp-content\/uploads\/2026\/03\/IMG_7-1-225x300.jpg 225w, https:\/\/www.autismus-mg.de\/wp-content\/uploads\/2026\/03\/IMG_7-1-1152x1536.jpg 1152w, https:\/\/www.autismus-mg.de\/wp-content\/uploads\/2026\/03\/IMG_7-1-1536x2048.jpg 1536w, https:\/\/www.autismus-mg.de\/wp-content\/uploads\/2026\/03\/IMG_7-1-scaled.jpg 1920w\" sizes=\"auto, (max-width: 768px) 100vw, 768px\" \/><\/figure>\n\n\n\n<figure class=\"wp-block-image size-large\"><img loading=\"lazy\" decoding=\"async\" width=\"768\" height=\"1024\" data-id=\"463\" src=\"https:\/\/www.autismus-mg.de\/wp-content\/uploads\/2026\/03\/IMG_12-1-768x1024.jpg\" alt=\"\" class=\"wp-image-463\" srcset=\"https:\/\/www.autismus-mg.de\/wp-content\/uploads\/2026\/03\/IMG_12-1-768x1024.jpg 768w, https:\/\/www.autismus-mg.de\/wp-content\/uploads\/2026\/03\/IMG_12-1-225x300.jpg 225w, https:\/\/www.autismus-mg.de\/wp-content\/uploads\/2026\/03\/IMG_12-1-1152x1536.jpg 1152w, https:\/\/www.autismus-mg.de\/wp-content\/uploads\/2026\/03\/IMG_12-1-1536x2048.jpg 1536w, https:\/\/www.autismus-mg.de\/wp-content\/uploads\/2026\/03\/IMG_12-1-scaled.jpg 1920w\" sizes=\"auto, (max-width: 768px) 100vw, 768px\" \/><\/figure>\n\n\n\n<figure class=\"wp-block-image size-large\"><img loading=\"lazy\" decoding=\"async\" width=\"768\" height=\"1024\" data-id=\"457\" src=\"https:\/\/www.autismus-mg.de\/wp-content\/uploads\/2026\/03\/IMG_13-768x1024.jpg\" alt=\"\" class=\"wp-image-457\" srcset=\"https:\/\/www.autismus-mg.de\/wp-content\/uploads\/2026\/03\/IMG_13-768x1024.jpg 768w, https:\/\/www.autismus-mg.de\/wp-content\/uploads\/2026\/03\/IMG_13-225x300.jpg 225w, https:\/\/www.autismus-mg.de\/wp-content\/uploads\/2026\/03\/IMG_13-1152x1536.jpg 1152w, https:\/\/www.autismus-mg.de\/wp-content\/uploads\/2026\/03\/IMG_13.jpg 1536w\" sizes=\"auto, (max-width: 768px) 100vw, 768px\" \/><\/figure>\n<\/figure>\n\n\n\n<p class=\"has-text-align-center\">So sch\u00f6n bl\u00fchte unser Kr\u00e4utergarten im letzten Sommer.<\/p>\n\n\n<div class=\"wp-block-image\">\n<figure class=\"aligncenter size-large is-resized\"><img loading=\"lazy\" decoding=\"async\" width=\"1024\" height=\"908\" src=\"https:\/\/www.autismus-mg.de\/wp-content\/uploads\/2026\/03\/20250829_120717-scaled-e1772615948448-1024x908.jpg\" alt=\"\" class=\"wp-image-456\" style=\"width:500px\" srcset=\"https:\/\/www.autismus-mg.de\/wp-content\/uploads\/2026\/03\/20250829_120717-scaled-e1772615948448-1024x908.jpg 1024w, https:\/\/www.autismus-mg.de\/wp-content\/uploads\/2026\/03\/20250829_120717-scaled-e1772615948448-300x266.jpg 300w, https:\/\/www.autismus-mg.de\/wp-content\/uploads\/2026\/03\/20250829_120717-scaled-e1772615948448-768x681.jpg 768w, https:\/\/www.autismus-mg.de\/wp-content\/uploads\/2026\/03\/20250829_120717-scaled-e1772615948448-1536x1362.jpg 1536w, https:\/\/www.autismus-mg.de\/wp-content\/uploads\/2026\/03\/20250829_120717-scaled-e1772615948448.jpg 1920w\" sizes=\"auto, (max-width: 1024px) 100vw, 1024px\" \/><\/figure>\n<\/div>\n\n\n<p class=\"has-text-align-center\">Trotz steifer Brise haben wir die Zeit am Meer in vollen Z\u00fcgen genossen.<\/p>\n\n\n\n<figure class=\"wp-block-gallery aligncenter has-nested-images columns-default is-cropped wp-block-gallery-2 is-layout-flex wp-block-gallery-is-layout-flex\">\n<figure class=\"wp-block-image size-large\"><img loading=\"lazy\" decoding=\"async\" width=\"1024\" height=\"768\" data-id=\"453\" src=\"https:\/\/www.autismus-mg.de\/wp-content\/uploads\/2026\/03\/IMG_9-1024x768.jpg\" alt=\"\" class=\"wp-image-453\" srcset=\"https:\/\/www.autismus-mg.de\/wp-content\/uploads\/2026\/03\/IMG_9-1024x768.jpg 1024w, https:\/\/www.autismus-mg.de\/wp-content\/uploads\/2026\/03\/IMG_9-300x225.jpg 300w, https:\/\/www.autismus-mg.de\/wp-content\/uploads\/2026\/03\/IMG_9-768x576.jpg 768w, https:\/\/www.autismus-mg.de\/wp-content\/uploads\/2026\/03\/IMG_9-1536x1152.jpg 1536w, https:\/\/www.autismus-mg.de\/wp-content\/uploads\/2026\/03\/IMG_9.jpg 2000w\" sizes=\"auto, (max-width: 1024px) 100vw, 1024px\" \/><\/figure>\n\n\n\n<figure class=\"wp-block-image size-large\"><img loading=\"lazy\" decoding=\"async\" width=\"1024\" height=\"768\" data-id=\"454\" src=\"https:\/\/www.autismus-mg.de\/wp-content\/uploads\/2026\/03\/IMG_10-1024x768.jpg\" alt=\"\" class=\"wp-image-454\" srcset=\"https:\/\/www.autismus-mg.de\/wp-content\/uploads\/2026\/03\/IMG_10-1024x768.jpg 1024w, https:\/\/www.autismus-mg.de\/wp-content\/uploads\/2026\/03\/IMG_10-300x225.jpg 300w, https:\/\/www.autismus-mg.de\/wp-content\/uploads\/2026\/03\/IMG_10-768x576.jpg 768w, https:\/\/www.autismus-mg.de\/wp-content\/uploads\/2026\/03\/IMG_10-1536x1152.jpg 1536w, https:\/\/www.autismus-mg.de\/wp-content\/uploads\/2026\/03\/IMG_10.jpg 2000w\" sizes=\"auto, (max-width: 1024px) 100vw, 1024px\" \/><\/figure>\n\n\n\n<figure class=\"wp-block-image size-large\"><img loading=\"lazy\" decoding=\"async\" width=\"768\" height=\"1024\" data-id=\"455\" src=\"https:\/\/www.autismus-mg.de\/wp-content\/uploads\/2026\/03\/IMG_11-768x1024.jpg\" alt=\"\" class=\"wp-image-455\" srcset=\"https:\/\/www.autismus-mg.de\/wp-content\/uploads\/2026\/03\/IMG_11-768x1024.jpg 768w, https:\/\/www.autismus-mg.de\/wp-content\/uploads\/2026\/03\/IMG_11-225x300.jpg 225w, https:\/\/www.autismus-mg.de\/wp-content\/uploads\/2026\/03\/IMG_11-1152x1536.jpg 1152w, https:\/\/www.autismus-mg.de\/wp-content\/uploads\/2026\/03\/IMG_11-1536x2048.jpg 1536w, https:\/\/www.autismus-mg.de\/wp-content\/uploads\/2026\/03\/IMG_11-scaled.jpg 1920w\" sizes=\"auto, (max-width: 768px) 100vw, 768px\" \/><\/figure>\n<\/figure>\n\n\n\n<p class=\"has-text-align-center\">Unser tolles Kuchenbuffet \u2013 da war f\u00fcr jeden Geschmack etwas dabei.<\/p>\n\n\n<div class=\"wp-block-image\">\n<figure class=\"aligncenter size-large is-resized\"><img loading=\"lazy\" decoding=\"async\" width=\"768\" height=\"1024\" src=\"https:\/\/www.autismus-mg.de\/wp-content\/uploads\/2026\/03\/IMG_5-768x1024.jpg\" alt=\"\" class=\"wp-image-452\" style=\"width:500px\" srcset=\"https:\/\/www.autismus-mg.de\/wp-content\/uploads\/2026\/03\/IMG_5-768x1024.jpg 768w, https:\/\/www.autismus-mg.de\/wp-content\/uploads\/2026\/03\/IMG_5-225x300.jpg 225w, https:\/\/www.autismus-mg.de\/wp-content\/uploads\/2026\/03\/IMG_5-1152x1536.jpg 1152w, https:\/\/www.autismus-mg.de\/wp-content\/uploads\/2026\/03\/IMG_5.jpg 1536w\" sizes=\"auto, (max-width: 768px) 100vw, 768px\" \/><\/figure>\n<\/div>","protected":false},"excerpt":{"rendered":"<p>Aktuelles Bunt, fr\u00f6hlich und verkleidet \u2013 so haben wir Karneval gefeiert. So sch\u00f6n bl\u00fchte unser Kr\u00e4utergarten im letzten Sommer. Trotz steifer Brise haben wir die Zeit am Meer in vollen Z\u00fcgen genossen. Unser tolles Kuchenbuffet \u2013 da war f\u00fcr jeden Geschmack etwas dabei.<\/p>\n","protected":false},"author":1,"featured_media":0,"parent":0,"menu_order":0,"comment_status":"closed","ping_status":"closed","template":"","meta":{"footnotes":""},"class_list":["post-23","page","type-page","status-publish","hentry"],"_links":{"self":[{"href":"https:\/\/www.autismus-mg.de\/index.php?rest_route=\/wp\/v2\/pages\/23","targetHints":{"allow":["GET"]}}],"collection":[{"href":"https:\/\/www.autismus-mg.de\/index.php?rest_route=\/wp\/v2\/pages"}],"about":[{"href":"https:\/\/www.autismus-mg.de\/index.php?rest_route=\/wp\/v2\/types\/page"}],"author":[{"embeddable":true,"href":"https:\/\/www.autismus-mg.de\/index.php?rest_route=\/wp\/v2\/users\/1"}],"replies":[{"embeddable":true,"href":"https:\/\/www.autismus-mg.de\/index.php?rest_route=%2Fwp%2Fv2%2Fcomments&post=23"}],"version-history":[{"count":3,"href":"https:\/\/www.autismus-mg.de\/index.php?rest_route=\/wp\/v2\/pages\/23\/revisions"}],"predecessor-version":[{"id":466,"href":"https:\/\/www.autismus-mg.de\/index.php?rest_route=\/wp\/v2\/pages\/23\/revisions\/466"}],"wp:attachment":[{"href":"https:\/\/www.autismus-mg.de\/index.php?rest_route=%2Fwp%2Fv2%2Fmedia&parent=23"}],"curies":[{"name":"wp","href":"https:\/\/api.w.org\/{rel}","templated":true}]}}