{"id":290,"date":"2021-10-26T12:37:37","date_gmt":"2021-10-26T12:37:37","guid":{"rendered":"http:\/\/neu.autismus-mg.de\/?page_id=290"},"modified":"2026-03-04T09:51:01","modified_gmt":"2026-03-04T09:51:01","slug":"betreuung","status":"publish","type":"page","link":"https:\/\/www.autismus-mg.de\/?page_id=290","title":{"rendered":"Betreuung"},"content":{"rendered":"\n<p><\/p>\n\n\n\n<h1 class=\"wp-block-heading\"><\/h1>\n\n\n\n<p>Wir suchen ab sofort\u00a0eine \/n Mitarbeiter\/in (m\/w\/d) f\u00fcr den <strong>Betreuungsdienst<\/strong>, <br>mit einem\u00a0Stundenumfang von 20,0 &#8211; 39,0 Stunden pro Woche.<\/p>\n\n\n\n<p><strong>Als Bewerber\/in sollten Sie<\/strong><\/p>\n\n\n\n<ul class=\"wp-block-list\">\n<li>erste Erfahrung im Sozial- oder Gesundheitswesen gesammelt haben,<\/li>\n\n\n\n<li>engagiert, motiviert, freundlich, zuverl\u00e4ssig und belastbar sein,<\/li>\n\n\n\n<li>sowie soziale Kompetenz im Umgang mit Menschen mit Behinderung haben oder bereit sein zu erwerben.<\/li>\n<\/ul>\n\n\n\n<p>Erste Erfahrung mit Menschen mit Autismus w\u00e4re sch\u00f6n, ist aber keine zwingende Vorraussetzung. Da es noch keine autismusspezifische Ausbildung (oder Studium) gibt, erwarten wir auch nicht, dass Sie Fachfrau oder Fachmann sind. Die Bereitschaft sich fortzubilden setzen wir nat\u00fcrlich voraus. Auch sollten Sie Spass an sportlicher Bet\u00e4tigung haben: Schwimmen, Begleitung des therapeutischen reitens, Rad fahren, Wandern \u2013 bei jedem Wetter \u2013 h\u00e4lt uns hier gemeinsam fit.<\/p>\n\n\n\n<p>Wir wissen, dass allein unsere Mitarbeitenden f\u00fcr den Erfolg unserer Einrichtung verantwortlich sind. Als arbeitnehmerfreundlicher Arbeitgeber haben wir daher nicht nur Erwartungen an Sie, sondern auch viel zu bieten:<\/p>\n\n\n\n<p><strong>Es erwartet Sie ein vielseitiger T\u00e4tigkeitsbereich mit leistungsgerechter Verg\u00fctung nach dem TV\u00f6D SuE inkl. SuE Zulage und Wohnzulage.<\/strong> Fachkr\u00e4fte erhalten eine Verg\u00fctung in Gruppe 8b.<\/p>\n\n\n\n<p>Dar\u00fcber hinaus erhalten Sie Zeitzuschl\u00e4ge f\u00fcr Wochenenddienste, monatlich eine steuerfreie Zulage in H\u00f6he von 50,00 \u20ac, verm\u00f6genswirksame Leistungen, eine betriebliche Altersvorsorge bei Festvertr\u00e4gen sowie Jahressonderzahlung nach TV\u00f6D.<\/p>\n\n\n\n<p>Wir sind Jobradler. D. h. jeder \/ jede Mitarbeitende kann nach bestandener Probezeit \u00fcber uns zu g\u00fcnstigen Konditionen ein Fahrrad oder E-Bike seiner \/ ihrer Wahl leasen.<\/p>\n\n\n\n<p>Wasser, Kaffee, Tee und Obst stellen wir Ihnen zur Verf\u00fcgung.<\/p>\n\n\n\n<p><strong>Da Geld aber nicht alles ist:<\/strong><\/p>\n\n\n\n<p>Auch Teilzeitmitarbeiter arbeiten bei uns volle Schichten, so dass mehr freie Tage zur Verf\u00fcgung stehen und Sie nicht h\u00e4ufig f\u00fcr ein paar Stunden zu uns kommen m\u00fcssen. Es gibt bei uns keine geteilten Dienste.<\/p>\n\n\n\n<p>Bei uns werden grunds\u00e4tzlich alle Dienste vier Wochen im Voraus geplant. Pers\u00f6nliche W\u00fcnsche werden bei der Planung weitestgehend ber\u00fccksichtigt. Wir gew\u00e4hren 33 Tage Jahresurlaub in der 5,5 Tage Woche. Wir vermeiden Stress f\u00fcr die bei uns lebenden Menschen. Eine Voraussetzung daf\u00fcr ist, dass auch unsere Mitarbeiter m\u00f6glichst stressfrei arbeiten k\u00f6nnen. <\/p>\n\n\n\n<p><strong>Ihre Bewerbung sollte ein interessantes Anschreiben, einen Lebenslauf und ein Foto enthalten. Bitte senden Sie uns Ihre Bewerbung an folgende Emailadresse: <a href=\"mailto:info@autismus-mg.de\">info@autismus-mg.de<\/a>.<\/strong><\/p>\n\n\n\n<p>Stellen werden bei uns zun\u00e4chst auf 2 Jahre befristet. Das Ziel besteht aber darin ein dauerhaftes Besch\u00e4ftigungsverh\u00e4ltnis mit Ihnen abzuschlie\u00dfen, da h\u00e4ufiger Wechsel von den bei uns lebenden Menschen nicht gew\u00fcnscht wird. Warum wir dann nicht direkt ein festes Anstellungsverh\u00e4ltnis anbieten? Die Einarbeitung dauert in der Regel ein Jahr, da wir hoch strukturiert und individualisiert arbeiten. Der Aufbau einer Vertrauensbasis und die Durchf\u00fchrung von durchschnittlich 250 Einzelaktivt\u00e4ten am Tag erfordern eine entsprechend lange Einarbeitung.<\/p>\n\n\n\n<p><strong>F\u00fcr erste Fragen stehen wir Ihnen gern unter Tel. 02161 955130 zur Verf\u00fcgung.<\/strong><\/p>\n\n\n\n<p><strong>Ein Hinweis:<\/strong> Bitte beachten Sie, dass wir mit den \u00f6ffentlichen Verkehrsmitteln insbesondere an den Wochenenden nur sehr eingeschr\u00e4nkt erreichbar sind.<\/p>\n","protected":false},"excerpt":{"rendered":"<p>Wir suchen ab sofort\u00a0eine \/n Mitarbeiter\/in (m\/w\/d) f\u00fcr den Betreuungsdienst, mit einem\u00a0Stundenumfang von 20,0 &#8211; 39,0 Stunden pro Woche. Als Bewerber\/in sollten Sie Erste Erfahrung mit Menschen mit Autismus w\u00e4re sch\u00f6n, ist aber keine zwingende Vorraussetzung. Da es noch keine autismusspezifische Ausbildung (oder Studium) gibt, erwarten wir auch nicht, dass Sie Fachfrau oder Fachmann sind. &hellip;<\/p>\n","protected":false},"author":1,"featured_media":0,"parent":0,"menu_order":0,"comment_status":"closed","ping_status":"closed","template":"","meta":{"footnotes":""},"class_list":["post-290","page","type-page","status-publish","hentry"],"_links":{"self":[{"href":"https:\/\/www.autismus-mg.de\/index.php?rest_route=\/wp\/v2\/pages\/290","targetHints":{"allow":["GET"]}}],"collection":[{"href":"https:\/\/www.autismus-mg.de\/index.php?rest_route=\/wp\/v2\/pages"}],"about":[{"href":"https:\/\/www.autismus-mg.de\/index.php?rest_route=\/wp\/v2\/types\/page"}],"author":[{"embeddable":true,"href":"https:\/\/www.autismus-mg.de\/index.php?rest_route=\/wp\/v2\/users\/1"}],"replies":[{"embeddable":true,"href":"https:\/\/www.autismus-mg.de\/index.php?rest_route=%2Fwp%2Fv2%2Fcomments&post=290"}],"version-history":[{"count":9,"href":"https:\/\/www.autismus-mg.de\/index.php?rest_route=\/wp\/v2\/pages\/290\/revisions"}],"predecessor-version":[{"id":497,"href":"https:\/\/www.autismus-mg.de\/index.php?rest_route=\/wp\/v2\/pages\/290\/revisions\/497"}],"wp:attachment":[{"href":"https:\/\/www.autismus-mg.de\/index.php?rest_route=%2Fwp%2Fv2%2Fmedia&parent=290"}],"curies":[{"name":"wp","href":"https:\/\/api.w.org\/{rel}","templated":true}]}}