{"id":33,"date":"2021-09-21T08:08:03","date_gmt":"2021-09-21T08:08:03","guid":{"rendered":"http:\/\/neu.autismus-mg.de\/?page_id=33"},"modified":"2024-09-17T10:34:38","modified_gmt":"2024-09-17T10:34:38","slug":"impressum","status":"publish","type":"page","link":"https:\/\/www.autismus-mg.de\/?page_id=33","title":{"rendered":"Impressum"},"content":{"rendered":"\n<p><\/p>\n\n\n\n<h1 class=\"wp-block-heading\">Impressum<\/h1>\n\n\n\n<h3 class=\"wp-block-heading\">Angaben gem\u00e4\u00df \u00a7 5 TMG<\/h3>\n\n\n\n<p>Daheim Lebensgemeinschaft f\u00fcr Menschen mit Autismus e. V.<br>Schlaaweg 64<br>41169 M\u00f6nchengladbach<\/p>\n\n\n\n<p>Vereinsregister: VR 1843<br>Registergericht: M\u00f6nchengladbach<\/p>\n\n\n\n<p><strong>Vertreten durch:<\/strong><br>F. Markett, D. Schmitz, H. Diepenthal, P. Ossa, R.Coenen<\/p>\n\n\n\n<h3 class=\"wp-block-heading\">Kontakt<\/h3>\n\n\n\n<p>Telefon: 02161 955130<br>Telefax: 02161 955132<br>E-Mail: <a href=\"mailto:info@autismus-moenchengladbach.de\">info@autismus-mg.de<\/a><\/p>\n\n\n\n<h3 class=\"wp-block-heading\">Redaktionell verantwortlich<\/h3>\n\n\n\n<p>Daheim Lebensgemeinschaft f\u00fcr Menschen mit Autismus e. V.<br>Schlaaweg 64<br>41169 M\u00f6nchengladbach<\/p>\n\n\n\n<p>Gestaltung und technische Umsetzung: <br>LH Design \u2013 Lena H\u00fcren-Rosery<br><a href=\"http:\/\/www.lh-design.com\/\">www.lh-design.com<\/a><\/p>\n\n\n\n<h3 class=\"wp-block-heading\">Verbraucher\u00adstreit\u00adbeilegung\/Universal\u00adschlichtungs\u00adstelle<\/h3>\n\n\n\n<p>Wir sind nicht bereit oder verpflichtet, an Streitbeilegungsverfahren vor einer Verbraucherschlichtungsstelle teilzunehmen.<\/p>\n\n\n\n<p>Quelle: <a href=\"https:\/\/www.e-recht24.de\/impressum-generator.html\">https:\/\/www.e-recht24.de\/impressum-generator.html<\/a><\/p>\n","protected":false},"excerpt":{"rendered":"<p>Impressum Angaben gem\u00e4\u00df \u00a7 5 TMG Daheim Lebensgemeinschaft f\u00fcr Menschen mit Autismus e. V.Schlaaweg 6441169 M\u00f6nchengladbach Vereinsregister: VR 1843Registergericht: M\u00f6nchengladbach Vertreten durch:F. Markett, D. Schmitz, H. Diepenthal, P. Ossa, R.Coenen Kontakt Telefon: 02161 955130Telefax: 02161 955132E-Mail: info@autismus-mg.de Redaktionell verantwortlich Daheim Lebensgemeinschaft f\u00fcr Menschen mit Autismus e. V.Schlaaweg 6441169 M\u00f6nchengladbach Gestaltung und technische Umsetzung: LH Design &hellip;<\/p>\n","protected":false},"author":1,"featured_media":0,"parent":0,"menu_order":0,"comment_status":"closed","ping_status":"closed","template":"","meta":{"footnotes":""},"class_list":["post-33","page","type-page","status-publish","hentry"],"_links":{"self":[{"href":"https:\/\/www.autismus-mg.de\/index.php?rest_route=\/wp\/v2\/pages\/33","targetHints":{"allow":["GET"]}}],"collection":[{"href":"https:\/\/www.autismus-mg.de\/index.php?rest_route=\/wp\/v2\/pages"}],"about":[{"href":"https:\/\/www.autismus-mg.de\/index.php?rest_route=\/wp\/v2\/types\/page"}],"author":[{"embeddable":true,"href":"https:\/\/www.autismus-mg.de\/index.php?rest_route=\/wp\/v2\/users\/1"}],"replies":[{"embeddable":true,"href":"https:\/\/www.autismus-mg.de\/index.php?rest_route=%2Fwp%2Fv2%2Fcomments&post=33"}],"version-history":[{"count":5,"href":"https:\/\/www.autismus-mg.de\/index.php?rest_route=\/wp\/v2\/pages\/33\/revisions"}],"predecessor-version":[{"id":432,"href":"https:\/\/www.autismus-mg.de\/index.php?rest_route=\/wp\/v2\/pages\/33\/revisions\/432"}],"wp:attachment":[{"href":"https:\/\/www.autismus-mg.de\/index.php?rest_route=%2Fwp%2Fv2%2Fmedia&parent=33"}],"curies":[{"name":"wp","href":"https:\/\/api.w.org\/{rel}","templated":true}]}}